{"id":2,"date":"2018-10-03T13:08:52","date_gmt":"2018-10-03T11:08:52","guid":{"rendered":"https:\/\/ksiega-podatkowa.pl\/akademia-skp\/?page_id=2"},"modified":"2026-03-18T09:16:44","modified_gmt":"2026-03-18T08:16:44","slug":"porady-ekspertow","status":"publish","type":"page","link":"https:\/\/www.ksiega-podatkowa.pl\/akademia-skp\/porady-ekspertow","title":{"rendered":"Porady ekspert\u00f3w"},"content":{"rendered":"<p><span style=\"font-weight: 400;\">W tej sekcji publikujemy porady ekspert\u00f3w, artyku\u0142y z zakresu rachunkowo\u015bci i prawa oraz aktualno\u015bci zwi\u0105zane ze zmianami przepis\u00f3w.<\/span><\/p>\n","protected":false},"excerpt":{"rendered":"<p>W tej sekcji publikujemy porady ekspert\u00f3w, artyku\u0142y z zakresu rachunkowo\u015bci i prawa oraz aktualno\u015bci zwi\u0105zane ze zmianami przepis\u00f3w.<\/p>\n","protected":false},"author":1,"featured_media":20527,"parent":0,"menu_order":29,"comment_status":"closed","ping_status":"open","template":"templates-pages\/stateA.php","meta":{"footnotes":""},"categories":[],"class_list":["post-2","page","type-page","status-publish","has-post-thumbnail","hentry"],"yoast_head":"<!-- This site is optimized with the Yoast SEO plugin v25.6 - https:\/\/yoast.com\/wordpress\/plugins\/seo\/ -->\n<title>Porady ekspert\u00f3w - Formsoft SKP\u00ae<\/title>\n<meta name=\"description\" content=\"W tej sekcji publikujemy porady ekspert\u00f3w, artyku\u0142y z zakresu rachunkowo\u015bci i prawa oraz aktualno\u015bci zwi\u0105zane ze zmianami przepis\u00f3w.\" \/>\n<meta name=\"robots\" content=\"index, follow, max-snippet:-1, max-image-preview:large, max-video-preview:-1\" \/>\n<link rel=\"canonical\" href=\"https:\/\/www.ksiega-podatkowa.pl\/akademia-skp\/porady-ekspertow\" \/>\n<meta property=\"og:locale\" content=\"pl_PL\" \/>\n<meta property=\"og:type\" content=\"article\" \/>\n<meta property=\"og:title\" content=\"Porady ekspert\u00f3w - Formsoft SKP\u00ae\" \/>\n<meta property=\"og:description\" content=\"W tej sekcji publikujemy porady ekspert\u00f3w, artyku\u0142y z zakresu rachunkowo\u015bci i prawa oraz aktualno\u015bci zwi\u0105zane ze zmianami przepis\u00f3w.\" \/>\n<meta property=\"og:url\" content=\"https:\/\/www.ksiega-podatkowa.pl\/akademia-skp\/porady-ekspertow\" \/>\n<meta property=\"og:site_name\" content=\"Formsoft SKP\u00ae\" \/>\n<meta property=\"article:publisher\" content=\"https:\/\/www.facebook.com\/formsoft.programy\" \/>\n<meta property=\"article:modified_time\" content=\"2026-03-18T08:16:44+00:00\" \/>\n<meta property=\"og:image\" content=\"https:\/\/www.ksiega-podatkowa.pl\/akademia-skp\/wp-content\/uploads\/2025\/08\/porady-ekspertow-tablet.webp\" \/>\n\t<meta property=\"og:image:width\" content=\"800\" \/>\n\t<meta property=\"og:image:height\" content=\"450\" \/>\n\t<meta property=\"og:image:type\" content=\"image\/webp\" \/>\n<meta name=\"twitter:card\" content=\"summary_large_image\" \/>\n<meta name=\"twitter:label1\" content=\"Szacowany czas czytania\" \/>\n\t<meta name=\"twitter:data1\" content=\"1 minuta\" \/>\n<script type=\"application\/ld+json\" class=\"yoast-schema-graph\">{\"@context\":\"https:\/\/schema.org\",\"@graph\":[{\"@type\":\"WebPage\",\"@id\":\"https:\/\/www.ksiega-podatkowa.pl\/akademia-skp\/porady-ekspertow\",\"url\":\"https:\/\/www.ksiega-podatkowa.pl\/akademia-skp\/porady-ekspertow\",\"name\":\"Porady ekspert\u00f3w - Formsoft SKP\u00ae\",\"isPartOf\":{\"@id\":\"https:\/\/www.ksiega-podatkowa.pl\/akademia-skp\/#website\"},\"primaryImageOfPage\":{\"@id\":\"https:\/\/www.ksiega-podatkowa.pl\/akademia-skp\/porady-ekspertow#primaryimage\"},\"image\":{\"@id\":\"https:\/\/www.ksiega-podatkowa.pl\/akademia-skp\/porady-ekspertow#primaryimage\"},\"thumbnailUrl\":\"https:\/\/www.ksiega-podatkowa.pl\/akademia-skp\/wp-content\/uploads\/2025\/08\/porady-ekspertow-tablet.webp\",\"datePublished\":\"2018-10-03T11:08:52+00:00\",\"dateModified\":\"2026-03-18T08:16:44+00:00\",\"description\":\"W tej sekcji publikujemy porady ekspert\u00f3w, artyku\u0142y z zakresu rachunkowo\u015bci i prawa oraz aktualno\u015bci zwi\u0105zane ze zmianami przepis\u00f3w.\",\"breadcrumb\":{\"@id\":\"https:\/\/www.ksiega-podatkowa.pl\/akademia-skp\/porady-ekspertow#breadcrumb\"},\"inLanguage\":\"pl-PL\",\"potentialAction\":[{\"@type\":\"ReadAction\",\"target\":[\"https:\/\/www.ksiega-podatkowa.pl\/akademia-skp\/porady-ekspertow\"]}]},{\"@type\":\"ImageObject\",\"inLanguage\":\"pl-PL\",\"@id\":\"https:\/\/www.ksiega-podatkowa.pl\/akademia-skp\/porady-ekspertow#primaryimage\",\"url\":\"https:\/\/www.ksiega-podatkowa.pl\/akademia-skp\/wp-content\/uploads\/2025\/08\/porady-ekspertow-tablet.webp\",\"contentUrl\":\"https:\/\/www.ksiega-podatkowa.pl\/akademia-skp\/wp-content\/uploads\/2025\/08\/porady-ekspertow-tablet.webp\",\"width\":800,\"height\":450},{\"@type\":\"BreadcrumbList\",\"@id\":\"https:\/\/www.ksiega-podatkowa.pl\/akademia-skp\/porady-ekspertow#breadcrumb\",\"itemListElement\":[{\"@type\":\"ListItem\",\"position\":1,\"name\":\"Strona g\u0142\u00f3wna\",\"item\":\"https:\/\/www.ksiega-podatkowa.pl\/akademia-skp\"},{\"@type\":\"ListItem\",\"position\":2,\"name\":\"Porady ekspert\u00f3w\"}]},{\"@type\":\"WebSite\",\"@id\":\"https:\/\/www.ksiega-podatkowa.pl\/akademia-skp\/#website\",\"url\":\"https:\/\/www.ksiega-podatkowa.pl\/akademia-skp\/\",\"name\":\"SKP\u00ae Formsoft\",\"description\":\"Akademia SKP to zbi\u00f3r wiedzy ksi\u0119gowej og\u00f3lnej i nt. nowo\u015bci. Chcemy te\u017c, aby by\u0142a \u017ar\u00f3d\u0142em odpowiedzi na ka\u017cde pytanie dotycz\u0105ce dzia\u0142ania programu\",\"potentialAction\":[{\"@type\":\"SearchAction\",\"target\":{\"@type\":\"EntryPoint\",\"urlTemplate\":\"https:\/\/www.ksiega-podatkowa.pl\/akademia-skp\/?s={search_term_string}\"},\"query-input\":{\"@type\":\"PropertyValueSpecification\",\"valueRequired\":true,\"valueName\":\"search_term_string\"}}],\"inLanguage\":\"pl-PL\"}]}<\/script>\n<!-- \/ Yoast SEO plugin. -->","yoast_head_json":{"title":"Porady ekspert\u00f3w - Formsoft SKP\u00ae","description":"W tej sekcji publikujemy porady ekspert\u00f3w, artyku\u0142y z zakresu rachunkowo\u015bci i prawa oraz aktualno\u015bci zwi\u0105zane ze zmianami przepis\u00f3w.","robots":{"index":"index","follow":"follow","max-snippet":"max-snippet:-1","max-image-preview":"max-image-preview:large","max-video-preview":"max-video-preview:-1"},"canonical":"https:\/\/www.ksiega-podatkowa.pl\/akademia-skp\/porady-ekspertow","og_locale":"pl_PL","og_type":"article","og_title":"Porady ekspert\u00f3w - Formsoft SKP\u00ae","og_description":"W tej sekcji publikujemy porady ekspert\u00f3w, artyku\u0142y z zakresu rachunkowo\u015bci i prawa oraz aktualno\u015bci zwi\u0105zane ze zmianami przepis\u00f3w.","og_url":"https:\/\/www.ksiega-podatkowa.pl\/akademia-skp\/porady-ekspertow","og_site_name":"Formsoft SKP\u00ae","article_publisher":"https:\/\/www.facebook.com\/formsoft.programy","article_modified_time":"2026-03-18T08:16:44+00:00","og_image":[{"width":800,"height":450,"url":"https:\/\/www.ksiega-podatkowa.pl\/akademia-skp\/wp-content\/uploads\/2025\/08\/porady-ekspertow-tablet.webp","type":"image\/webp"}],"twitter_card":"summary_large_image","twitter_misc":{"Szacowany czas czytania":"1 minuta"},"schema":{"@context":"https:\/\/schema.org","@graph":[{"@type":"WebPage","@id":"https:\/\/www.ksiega-podatkowa.pl\/akademia-skp\/porady-ekspertow","url":"https:\/\/www.ksiega-podatkowa.pl\/akademia-skp\/porady-ekspertow","name":"Porady ekspert\u00f3w - Formsoft SKP\u00ae","isPartOf":{"@id":"https:\/\/www.ksiega-podatkowa.pl\/akademia-skp\/#website"},"primaryImageOfPage":{"@id":"https:\/\/www.ksiega-podatkowa.pl\/akademia-skp\/porady-ekspertow#primaryimage"},"image":{"@id":"https:\/\/www.ksiega-podatkowa.pl\/akademia-skp\/porady-ekspertow#primaryimage"},"thumbnailUrl":"https:\/\/www.ksiega-podatkowa.pl\/akademia-skp\/wp-content\/uploads\/2025\/08\/porady-ekspertow-tablet.webp","datePublished":"2018-10-03T11:08:52+00:00","dateModified":"2026-03-18T08:16:44+00:00","description":"W tej sekcji publikujemy porady ekspert\u00f3w, artyku\u0142y z zakresu rachunkowo\u015bci i prawa oraz aktualno\u015bci zwi\u0105zane ze zmianami przepis\u00f3w.","breadcrumb":{"@id":"https:\/\/www.ksiega-podatkowa.pl\/akademia-skp\/porady-ekspertow#breadcrumb"},"inLanguage":"pl-PL","potentialAction":[{"@type":"ReadAction","target":["https:\/\/www.ksiega-podatkowa.pl\/akademia-skp\/porady-ekspertow"]}]},{"@type":"ImageObject","inLanguage":"pl-PL","@id":"https:\/\/www.ksiega-podatkowa.pl\/akademia-skp\/porady-ekspertow#primaryimage","url":"https:\/\/www.ksiega-podatkowa.pl\/akademia-skp\/wp-content\/uploads\/2025\/08\/porady-ekspertow-tablet.webp","contentUrl":"https:\/\/www.ksiega-podatkowa.pl\/akademia-skp\/wp-content\/uploads\/2025\/08\/porady-ekspertow-tablet.webp","width":800,"height":450},{"@type":"BreadcrumbList","@id":"https:\/\/www.ksiega-podatkowa.pl\/akademia-skp\/porady-ekspertow#breadcrumb","itemListElement":[{"@type":"ListItem","position":1,"name":"Strona g\u0142\u00f3wna","item":"https:\/\/www.ksiega-podatkowa.pl\/akademia-skp"},{"@type":"ListItem","position":2,"name":"Porady ekspert\u00f3w"}]},{"@type":"WebSite","@id":"https:\/\/www.ksiega-podatkowa.pl\/akademia-skp\/#website","url":"https:\/\/www.ksiega-podatkowa.pl\/akademia-skp\/","name":"SKP\u00ae Formsoft","description":"Akademia SKP to zbi\u00f3r wiedzy ksi\u0119gowej og\u00f3lnej i nt. nowo\u015bci. Chcemy te\u017c, aby by\u0142a \u017ar\u00f3d\u0142em odpowiedzi na ka\u017cde pytanie dotycz\u0105ce dzia\u0142ania programu","potentialAction":[{"@type":"SearchAction","target":{"@type":"EntryPoint","urlTemplate":"https:\/\/www.ksiega-podatkowa.pl\/akademia-skp\/?s={search_term_string}"},"query-input":{"@type":"PropertyValueSpecification","valueRequired":true,"valueName":"search_term_string"}}],"inLanguage":"pl-PL"}]}},"_links":{"self":[{"href":"https:\/\/www.ksiega-podatkowa.pl\/akademia-skp\/wp-json\/wp\/v2\/pages\/2","targetHints":{"allow":["GET"]}}],"collection":[{"href":"https:\/\/www.ksiega-podatkowa.pl\/akademia-skp\/wp-json\/wp\/v2\/pages"}],"about":[{"href":"https:\/\/www.ksiega-podatkowa.pl\/akademia-skp\/wp-json\/wp\/v2\/types\/page"}],"author":[{"embeddable":true,"href":"https:\/\/www.ksiega-podatkowa.pl\/akademia-skp\/wp-json\/wp\/v2\/users\/1"}],"replies":[{"embeddable":true,"href":"https:\/\/www.ksiega-podatkowa.pl\/akademia-skp\/wp-json\/wp\/v2\/comments?post=2"}],"version-history":[{"count":14,"href":"https:\/\/www.ksiega-podatkowa.pl\/akademia-skp\/wp-json\/wp\/v2\/pages\/2\/revisions"}],"predecessor-version":[{"id":23634,"href":"https:\/\/www.ksiega-podatkowa.pl\/akademia-skp\/wp-json\/wp\/v2\/pages\/2\/revisions\/23634"}],"wp:featuredmedia":[{"embeddable":true,"href":"https:\/\/www.ksiega-podatkowa.pl\/akademia-skp\/wp-json\/wp\/v2\/media\/20527"}],"wp:attachment":[{"href":"https:\/\/www.ksiega-podatkowa.pl\/akademia-skp\/wp-json\/wp\/v2\/media?parent=2"}],"wp:term":[{"taxonomy":"category","embeddable":true,"href":"https:\/\/www.ksiega-podatkowa.pl\/akademia-skp\/wp-json\/wp\/v2\/categories?post=2"}],"curies":[{"name":"wp","href":"https:\/\/api.w.org\/{rel}","templated":true}]}}